{"id":7982,"date":"2022-09-14T11:30:16","date_gmt":"2022-09-14T10:30:16","guid":{"rendered":"https:\/\/www.becktor.dk\/urgent-problems\/"},"modified":"2024-12-11T14:51:20","modified_gmt":"2024-12-11T13:51:20","slug":"acute-problems","status":"publish","type":"page","link":"https:\/\/www.becktor.dk\/en\/acute-problems\/","title":{"rendered":"Acute problems"},"content":{"rendered":"\t\t<div data-elementor-type=\"wp-page\" data-elementor-id=\"7982\" class=\"elementor elementor-7982 elementor-7342\" data-elementor-post-type=\"page\">\n\t\t\t\t<div class=\"elementor-element elementor-element-515721f hero-top e-flex e-con-boxed e-con e-parent\" data-id=\"515721f\" data-element_type=\"container\" data-e-type=\"container\" data-settings=\"{&quot;_ob_use_container_extras&quot;:&quot;no&quot;,&quot;_ob_column_hoveranimator&quot;:&quot;no&quot;,&quot;_ob_glider_is_slider&quot;:&quot;no&quot;,&quot;_ob_column_has_pseudo&quot;:&quot;no&quot;}\">\n\t\t\t\t\t<div class=\"e-con-inner\">\n\t\t<div data-dce-background-image-url=\"https:\/\/www.becktor.dk\/wp-content\/uploads\/2022\/05\/69A4180dkor1.jpg\" class=\"elementor-element elementor-element-321c30d e-flex e-con-boxed e-con e-parent\" data-id=\"321c30d\" data-element_type=\"container\" data-e-type=\"container\" data-settings=\"{&quot;background_background&quot;:&quot;classic&quot;,&quot;_ob_use_container_extras&quot;:&quot;no&quot;,&quot;_ob_column_hoveranimator&quot;:&quot;no&quot;,&quot;_ob_glider_is_slider&quot;:&quot;no&quot;,&quot;_ob_column_has_pseudo&quot;:&quot;no&quot;}\">\n\t\t\t\t\t<div class=\"e-con-inner\">\n\t\t\t\t\t<\/div>\n\t\t\t\t<\/div>\n\t\t\t\t\t<\/div>\n\t\t\t\t<\/div>\n\t\t<div class=\"elementor-element elementor-element-403d689 e-flex e-con-boxed e-con e-parent\" data-id=\"403d689\" data-element_type=\"container\" data-e-type=\"container\" data-settings=\"{&quot;_ob_use_container_extras&quot;:&quot;no&quot;,&quot;_ob_column_hoveranimator&quot;:&quot;no&quot;,&quot;_ob_glider_is_slider&quot;:&quot;no&quot;,&quot;_ob_column_has_pseudo&quot;:&quot;no&quot;}\">\n\t\t\t\t\t<div class=\"e-con-inner\">\n\t\t<div class=\"elementor-element elementor-element-bb98ac1 e-con-full e-flex e-con e-parent\" data-id=\"bb98ac1\" data-element_type=\"container\" data-e-type=\"container\" data-settings=\"{&quot;background_background&quot;:&quot;classic&quot;,&quot;_ob_use_container_extras&quot;:&quot;no&quot;,&quot;_ob_column_hoveranimator&quot;:&quot;no&quot;,&quot;_ob_glider_is_slider&quot;:&quot;no&quot;,&quot;_ob_column_has_pseudo&quot;:&quot;no&quot;}\">\n\t\t\t\t<div class=\"elementor-element elementor-element-f4d3c21 ob-harakiri-inherit ob-has-background-overlay elementor-widget elementor-widget-heading\" data-id=\"f4d3c21\" data-element_type=\"widget\" data-e-type=\"widget\" data-settings=\"{&quot;_ob_use_harakiri&quot;:&quot;yes&quot;,&quot;_ob_harakiri_writing_mode&quot;:&quot;inherit&quot;,&quot;_ob_harakiri_text_clip&quot;:&quot;none&quot;,&quot;_ob_widget_stalker_use&quot;:&quot;no&quot;,&quot;_ob_poopart_use&quot;:&quot;yes&quot;,&quot;_ob_shadough_use&quot;:&quot;no&quot;,&quot;_ob_allow_hoveranimator&quot;:&quot;no&quot;}\" data-widget_type=\"heading.default\">\n\t\t\t\t<div class=\"elementor-widget-container\">\n\t\t\t\t\t<h3 class=\"elementor-heading-title elementor-size-default\">Acute dental problems?<\/h3>\t\t\t\t<\/div>\n\t\t\t\t<\/div>\n\t\t\t\t<div class=\"elementor-element elementor-element-a3f3e3d ob-harakiri-inherit ob-has-background-overlay elementor-widget elementor-widget-text-editor\" data-id=\"a3f3e3d\" data-element_type=\"widget\" data-e-type=\"widget\" data-settings=\"{&quot;_ob_use_harakiri&quot;:&quot;yes&quot;,&quot;_ob_harakiri_writing_mode&quot;:&quot;inherit&quot;,&quot;_ob_postman_use&quot;:&quot;no&quot;,&quot;_ob_widget_stalker_use&quot;:&quot;no&quot;,&quot;_ob_poopart_use&quot;:&quot;yes&quot;,&quot;_ob_shadough_use&quot;:&quot;no&quot;,&quot;_ob_allow_hoveranimator&quot;:&quot;no&quot;}\" data-widget_type=\"text-editor.default\">\n\t\t\t\t<div class=\"elementor-widget-container\">\n\t\t\t\t\t\t\t\t\t<p>Are you experiencing acute problems outside of the office&#8217;s opening hours, you can (by self-payment) contact the following:<\/p>\n<p><strong>Tandl\u00e6gevagten<\/strong><br \/>Oslo Plads 14<br \/>K\u00f8benhavn \u00d8<\/p>\n<p>or<\/p>\n<p><strong>Tandl\u00e6gevagten Nordsj\u00e6lland<\/strong><br \/>Carlsbergvej 13<br \/>3400 Hiller\u00f8d<\/p>\n<p>Find further information about Tandl\u00e6gevagten at <a href=\"http:\/\/www.tdlvagt.dk\/\">www.tdlvagt.dk<\/a>.<\/p>\n\t\t\t\t\t\t\t\t<\/div>\n\t\t\t\t<\/div>\n\t\t\t\t<\/div>\n\t\t<div data-dce-background-image-url=\"https:\/\/www.becktor.dk\/wp-content\/uploads\/2021\/02\/Y4Q0868dc_result.jpg\" class=\"elementor-element elementor-element-5e38455 e-con-full e-flex e-con e-parent\" data-id=\"5e38455\" data-element_type=\"container\" data-e-type=\"container\" data-settings=\"{&quot;background_background&quot;:&quot;classic&quot;,&quot;_ob_use_container_extras&quot;:&quot;no&quot;,&quot;_ob_column_hoveranimator&quot;:&quot;no&quot;,&quot;_ob_glider_is_slider&quot;:&quot;no&quot;,&quot;_ob_column_has_pseudo&quot;:&quot;no&quot;}\">\n\t\t\t\t<\/div>\n\t\t\t\t\t<\/div>\n\t\t\t\t<\/div>\n\t\t\t\t<\/div>\n\t\t","protected":false},"excerpt":{"rendered":"<p>Acute dental problems? Are you experiencing acute problems outside of the office&#8217;s opening hours, you can (by self-payment) contact the following: Tandl\u00e6gevagtenOslo Plads 14K\u00f8benhavn \u00d8 or Tandl\u00e6gevagten Nordsj\u00e6llandCarlsbergvej 133400 Hiller\u00f8d Find further information about Tandl\u00e6gevagten at www.tdlvagt.dk.<\/p>\n","protected":false},"author":1,"featured_media":0,"parent":0,"menu_order":0,"comment_status":"closed","ping_status":"closed","template":"","meta":{"_acf_changed":false,"footnotes":""},"class_list":["post-7982","page","type-page","status-publish","hentry"],"acf":[],"yoast_head":"<!-- This site is optimized with the Yoast SEO plugin v27.4 - https:\/\/yoast.com\/product\/yoast-seo-wordpress\/ -->\n<title>Acute problems - Becktor<\/title>\n<meta name=\"robots\" content=\"index, follow, max-snippet:-1, max-image-preview:large, max-video-preview:-1\" \/>\n<link rel=\"canonical\" href=\"https:\/\/www.becktor.dk\/akutte-problemer\/\" \/>\n<meta property=\"og:locale\" content=\"en_US\" \/>\n<meta property=\"og:type\" content=\"article\" \/>\n<meta property=\"og:title\" content=\"Acute problems - Becktor\" \/>\n<meta property=\"og:description\" content=\"Acute dental problems? Are you experiencing acute problems outside of the office&#8217;s opening hours, you can (by self-payment) contact the following: Tandl\u00e6gevagtenOslo Plads 14K\u00f8benhavn \u00d8 or Tandl\u00e6gevagten Nordsj\u00e6llandCarlsbergvej 133400 Hiller\u00f8d Find further information about Tandl\u00e6gevagten at www.tdlvagt.dk.\" \/>\n<meta property=\"og:url\" content=\"https:\/\/www.becktor.dk\/akutte-problemer\/\" \/>\n<meta property=\"og:site_name\" content=\"Becktor\" \/>\n<meta property=\"article:modified_time\" content=\"2024-12-11T13:51:20+00:00\" \/>\n<meta name=\"twitter:card\" content=\"summary_large_image\" \/>\n<script type=\"application\/ld+json\" class=\"yoast-schema-graph\">{\"@context\":\"https:\\\/\\\/schema.org\",\"@graph\":[{\"@type\":\"WebPage\",\"@id\":\"https:\\\/\\\/www.becktor.dk\\\/akutte-problemer\\\/\",\"url\":\"https:\\\/\\\/www.becktor.dk\\\/akutte-problemer\\\/\",\"name\":\"Acute problems - Becktor\",\"isPartOf\":{\"@id\":\"https:\\\/\\\/www.becktor.dk\\\/#website\"},\"datePublished\":\"2022-09-14T10:30:16+00:00\",\"dateModified\":\"2024-12-11T13:51:20+00:00\",\"breadcrumb\":{\"@id\":\"https:\\\/\\\/www.becktor.dk\\\/akutte-problemer\\\/#breadcrumb\"},\"inLanguage\":\"en-US\",\"potentialAction\":[{\"@type\":\"ReadAction\",\"target\":[\"https:\\\/\\\/www.becktor.dk\\\/akutte-problemer\\\/\"]}]},{\"@type\":\"BreadcrumbList\",\"@id\":\"https:\\\/\\\/www.becktor.dk\\\/akutte-problemer\\\/#breadcrumb\",\"itemListElement\":[{\"@type\":\"ListItem\",\"position\":1,\"name\":\"Home\",\"item\":\"https:\\\/\\\/www.becktor.dk\\\/en\\\/\"},{\"@type\":\"ListItem\",\"position\":2,\"name\":\"Acute problems\"}]},{\"@type\":\"WebSite\",\"@id\":\"https:\\\/\\\/www.becktor.dk\\\/#website\",\"url\":\"https:\\\/\\\/www.becktor.dk\\\/\",\"name\":\"Becktor\",\"description\":\"Specialtandl\u00e6ger\",\"publisher\":{\"@id\":\"https:\\\/\\\/www.becktor.dk\\\/#organization\"},\"potentialAction\":[{\"@type\":\"SearchAction\",\"target\":{\"@type\":\"EntryPoint\",\"urlTemplate\":\"https:\\\/\\\/www.becktor.dk\\\/?s={search_term_string}\"},\"query-input\":{\"@type\":\"PropertyValueSpecification\",\"valueRequired\":true,\"valueName\":\"search_term_string\"}}],\"inLanguage\":\"en-US\"},{\"@type\":\"Organization\",\"@id\":\"https:\\\/\\\/www.becktor.dk\\\/#organization\",\"name\":\"Becktor Specialtandl\u00e6ge\",\"url\":\"https:\\\/\\\/www.becktor.dk\\\/\",\"logo\":{\"@type\":\"ImageObject\",\"inLanguage\":\"en-US\",\"@id\":\"https:\\\/\\\/www.becktor.dk\\\/#\\\/schema\\\/logo\\\/image\\\/\",\"url\":\"https:\\\/\\\/www.becktor.dk\\\/wp-content\\\/uploads\\\/2021\\\/03\\\/logo_specialtandlaeger.svg\",\"contentUrl\":\"https:\\\/\\\/www.becktor.dk\\\/wp-content\\\/uploads\\\/2021\\\/03\\\/logo_specialtandlaeger.svg\",\"width\":135,\"height\":41,\"caption\":\"Becktor Specialtandl\u00e6ge\"},\"image\":{\"@id\":\"https:\\\/\\\/www.becktor.dk\\\/#\\\/schema\\\/logo\\\/image\\\/\"},\"sameAs\":[\"https:\\\/\\\/www.instagram.com\\\/smilebybecktor\\\/\"]}]}<\/script>\n<!-- \/ Yoast SEO plugin. -->","yoast_head_json":{"title":"Acute problems - Becktor","robots":{"index":"index","follow":"follow","max-snippet":"max-snippet:-1","max-image-preview":"max-image-preview:large","max-video-preview":"max-video-preview:-1"},"canonical":"https:\/\/www.becktor.dk\/akutte-problemer\/","og_locale":"en_US","og_type":"article","og_title":"Acute problems - Becktor","og_description":"Acute dental problems? Are you experiencing acute problems outside of the office&#8217;s opening hours, you can (by self-payment) contact the following: Tandl\u00e6gevagtenOslo Plads 14K\u00f8benhavn \u00d8 or Tandl\u00e6gevagten Nordsj\u00e6llandCarlsbergvej 133400 Hiller\u00f8d Find further information about Tandl\u00e6gevagten at www.tdlvagt.dk.","og_url":"https:\/\/www.becktor.dk\/akutte-problemer\/","og_site_name":"Becktor","article_modified_time":"2024-12-11T13:51:20+00:00","twitter_card":"summary_large_image","schema":{"@context":"https:\/\/schema.org","@graph":[{"@type":"WebPage","@id":"https:\/\/www.becktor.dk\/akutte-problemer\/","url":"https:\/\/www.becktor.dk\/akutte-problemer\/","name":"Acute problems - Becktor","isPartOf":{"@id":"https:\/\/www.becktor.dk\/#website"},"datePublished":"2022-09-14T10:30:16+00:00","dateModified":"2024-12-11T13:51:20+00:00","breadcrumb":{"@id":"https:\/\/www.becktor.dk\/akutte-problemer\/#breadcrumb"},"inLanguage":"en-US","potentialAction":[{"@type":"ReadAction","target":["https:\/\/www.becktor.dk\/akutte-problemer\/"]}]},{"@type":"BreadcrumbList","@id":"https:\/\/www.becktor.dk\/akutte-problemer\/#breadcrumb","itemListElement":[{"@type":"ListItem","position":1,"name":"Home","item":"https:\/\/www.becktor.dk\/en\/"},{"@type":"ListItem","position":2,"name":"Acute problems"}]},{"@type":"WebSite","@id":"https:\/\/www.becktor.dk\/#website","url":"https:\/\/www.becktor.dk\/","name":"Becktor","description":"Specialtandl\u00e6ger","publisher":{"@id":"https:\/\/www.becktor.dk\/#organization"},"potentialAction":[{"@type":"SearchAction","target":{"@type":"EntryPoint","urlTemplate":"https:\/\/www.becktor.dk\/?s={search_term_string}"},"query-input":{"@type":"PropertyValueSpecification","valueRequired":true,"valueName":"search_term_string"}}],"inLanguage":"en-US"},{"@type":"Organization","@id":"https:\/\/www.becktor.dk\/#organization","name":"Becktor Specialtandl\u00e6ge","url":"https:\/\/www.becktor.dk\/","logo":{"@type":"ImageObject","inLanguage":"en-US","@id":"https:\/\/www.becktor.dk\/#\/schema\/logo\/image\/","url":"https:\/\/www.becktor.dk\/wp-content\/uploads\/2021\/03\/logo_specialtandlaeger.svg","contentUrl":"https:\/\/www.becktor.dk\/wp-content\/uploads\/2021\/03\/logo_specialtandlaeger.svg","width":135,"height":41,"caption":"Becktor Specialtandl\u00e6ge"},"image":{"@id":"https:\/\/www.becktor.dk\/#\/schema\/logo\/image\/"},"sameAs":["https:\/\/www.instagram.com\/smilebybecktor\/"]}]}},"_links":{"self":[{"href":"https:\/\/www.becktor.dk\/en\/wp-json\/wp\/v2\/pages\/7982","targetHints":{"allow":["GET"]}}],"collection":[{"href":"https:\/\/www.becktor.dk\/en\/wp-json\/wp\/v2\/pages"}],"about":[{"href":"https:\/\/www.becktor.dk\/en\/wp-json\/wp\/v2\/types\/page"}],"author":[{"embeddable":true,"href":"https:\/\/www.becktor.dk\/en\/wp-json\/wp\/v2\/users\/1"}],"replies":[{"embeddable":true,"href":"https:\/\/www.becktor.dk\/en\/wp-json\/wp\/v2\/comments?post=7982"}],"version-history":[{"count":9,"href":"https:\/\/www.becktor.dk\/en\/wp-json\/wp\/v2\/pages\/7982\/revisions"}],"predecessor-version":[{"id":10196,"href":"https:\/\/www.becktor.dk\/en\/wp-json\/wp\/v2\/pages\/7982\/revisions\/10196"}],"wp:attachment":[{"href":"https:\/\/www.becktor.dk\/en\/wp-json\/wp\/v2\/media?parent=7982"}],"curies":[{"name":"wp","href":"https:\/\/api.w.org\/{rel}","templated":true}]}}