{"id":6947,"date":"2022-06-23T11:14:39","date_gmt":"2022-06-23T10:14:39","guid":{"rendered":"https:\/\/www.becktor.dk\/the-office\/"},"modified":"2025-05-20T12:39:12","modified_gmt":"2025-05-20T11:39:12","slug":"the-office","status":"publish","type":"page","link":"https:\/\/www.becktor.dk\/en\/about-us\/the-office\/","title":{"rendered":"The Office"},"content":{"rendered":"\t\t<div data-elementor-type=\"wp-page\" data-elementor-id=\"6947\" class=\"elementor elementor-6947 elementor-5675\" data-elementor-post-type=\"page\">\n\t\t\t\t<div data-dce-background-image-url=\"https:\/\/www.becktor.dk\/wp-content\/uploads\/2021\/02\/Y4Q0796dc_result.jpg\" class=\"elementor-element elementor-element-3aa4671 hero-top e-flex e-con-boxed e-con e-parent\" data-id=\"3aa4671\" data-element_type=\"container\" data-e-type=\"container\" data-settings=\"{&quot;background_background&quot;:&quot;classic&quot;,&quot;_ob_use_container_extras&quot;:&quot;no&quot;,&quot;_ob_column_hoveranimator&quot;:&quot;no&quot;,&quot;_ob_glider_is_slider&quot;:&quot;no&quot;,&quot;_ob_column_has_pseudo&quot;:&quot;no&quot;}\">\n\t\t\t\t\t<div class=\"e-con-inner\">\n\t\t\t\t\t<\/div>\n\t\t\t\t<\/div>\n\t\t<div class=\"elementor-element elementor-element-69bc0fa e-flex e-con-boxed e-con e-parent\" data-id=\"69bc0fa\" data-element_type=\"container\" data-e-type=\"container\" data-settings=\"{&quot;_ob_column_hoveranimator&quot;:&quot;no&quot;,&quot;_ob_glider_is_slider&quot;:&quot;no&quot;,&quot;_ob_column_has_pseudo&quot;:&quot;no&quot;}\">\n\t\t\t\t\t<div class=\"e-con-inner\">\n\t\t<div class=\"elementor-element elementor-element-b106c65 e-con-full e-flex e-con e-child\" data-id=\"b106c65\" data-element_type=\"container\" data-e-type=\"container\" data-settings=\"{&quot;background_background&quot;:&quot;classic&quot;,&quot;_ob_use_container_extras&quot;:&quot;no&quot;,&quot;_ob_column_hoveranimator&quot;:&quot;no&quot;,&quot;_ob_glider_is_slider&quot;:&quot;no&quot;,&quot;_ob_column_has_pseudo&quot;:&quot;no&quot;}\">\n\t\t\t\t<div class=\"elementor-element elementor-element-f31f4e5 ob-harakiri-inherit ob-has-background-overlay elementor-widget elementor-widget-heading\" data-id=\"f31f4e5\" data-element_type=\"widget\" data-e-type=\"widget\" data-settings=\"{&quot;_ob_use_harakiri&quot;:&quot;yes&quot;,&quot;_ob_harakiri_writing_mode&quot;:&quot;inherit&quot;,&quot;_ob_harakiri_text_clip&quot;:&quot;none&quot;,&quot;_ob_widget_stalker_use&quot;:&quot;no&quot;,&quot;_ob_poopart_use&quot;:&quot;yes&quot;,&quot;_ob_shadough_use&quot;:&quot;no&quot;,&quot;_ob_allow_hoveranimator&quot;:&quot;no&quot;}\" data-widget_type=\"heading.default\">\n\t\t\t\t<div class=\"elementor-widget-container\">\n\t\t\t\t\t<h3 class=\"elementor-heading-title elementor-size-default\">Becktor Specialtandl\u00e6ger<\/h3>\t\t\t\t<\/div>\n\t\t\t\t<\/div>\n\t\t\t\t<div class=\"elementor-element elementor-element-09b3be9 ob-harakiri-inherit ob-has-background-overlay elementor-widget elementor-widget-heading\" data-id=\"09b3be9\" data-element_type=\"widget\" data-e-type=\"widget\" data-settings=\"{&quot;_ob_use_harakiri&quot;:&quot;yes&quot;,&quot;_ob_harakiri_writing_mode&quot;:&quot;inherit&quot;,&quot;_ob_harakiri_text_clip&quot;:&quot;none&quot;,&quot;_ob_widget_stalker_use&quot;:&quot;no&quot;,&quot;_ob_poopart_use&quot;:&quot;yes&quot;,&quot;_ob_shadough_use&quot;:&quot;no&quot;,&quot;_ob_allow_hoveranimator&quot;:&quot;no&quot;}\" data-widget_type=\"heading.default\">\n\t\t\t\t<div class=\"elementor-widget-container\">\n\t\t\t\t\t<h4 class=\"elementor-heading-title elementor-size-default\">Hellerup and \u00d8sterbro<\/h4>\t\t\t\t<\/div>\n\t\t\t\t<\/div>\n\t\t\t\t<div class=\"elementor-element elementor-element-605f633 ob-harakiri-inherit ob-has-background-overlay elementor-widget elementor-widget-text-editor\" data-id=\"605f633\" data-element_type=\"widget\" data-e-type=\"widget\" data-settings=\"{&quot;_ob_use_harakiri&quot;:&quot;yes&quot;,&quot;_ob_harakiri_writing_mode&quot;:&quot;inherit&quot;,&quot;_ob_postman_use&quot;:&quot;no&quot;,&quot;_ob_widget_stalker_use&quot;:&quot;no&quot;,&quot;_ob_poopart_use&quot;:&quot;yes&quot;,&quot;_ob_shadough_use&quot;:&quot;no&quot;,&quot;_ob_allow_hoveranimator&quot;:&quot;no&quot;}\" data-widget_type=\"text-editor.default\">\n\t\t\t\t<div class=\"elementor-widget-container\">\n\t\t\t\t\t\t\t\t\t<p>Welcome to Becktor Specialtandl\u00e6ger!<\/p><p>We offer orthodontic treatment for children, teens and adults <br \/>For more than 20 years, we have created many beautiful smiles and healthy bites in our office in Hellerup and now also on \u00d8sterbro.<\/p><p>In 2018 we got the possibility to expand and opened a second office at \u00d8sterbro.<\/p><p>In 2021 our office in Hellerup moved into a new space, which offers even better and more ideal conditions, so we can give our patients &#8211; both old and new &#8211; the best treatment in new and aesthetically pleasing surroundings.<\/p><p>At both offices we wish to do our utmost to give you the best treatment and result. We look forward to greeting you both in Hellerup and at \u00d8sterbro &#8211; depending on which is more convenient to you.<\/p><p>If you wish to book an appointment, use the button below.<\/p>\t\t\t\t\t\t\t\t<\/div>\n\t\t\t\t<\/div>\n\t\t\t\t<div class=\"elementor-element elementor-element-e0fa6f1 ob-has-background-overlay elementor-widget elementor-widget-button\" data-id=\"e0fa6f1\" data-element_type=\"widget\" data-e-type=\"widget\" data-settings=\"{&quot;_ob_butterbutton_use_it&quot;:&quot;no&quot;,&quot;_ob_widget_stalker_use&quot;:&quot;no&quot;,&quot;_ob_poopart_use&quot;:&quot;yes&quot;,&quot;_ob_shadough_use&quot;:&quot;no&quot;,&quot;_ob_allow_hoveranimator&quot;:&quot;no&quot;}\" data-widget_type=\"button.default\">\n\t\t\t\t<div class=\"elementor-widget-container\">\n\t\t\t\t\t\t\t\t\t<div class=\"elementor-button-wrapper\">\n\t\t\t\t\t<a class=\"elementor-button elementor-button-link elementor-size-sm\" href=\"https:\/\/www.becktor.dk\/kontakt-os\/\">\n\t\t\t\t\t\t<span class=\"elementor-button-content-wrapper\">\n\t\t\t\t\t\t\t\t\t<span class=\"elementor-button-text\">Contact us<\/span>\n\t\t\t\t\t<\/span>\n\t\t\t\t\t<\/a>\n\t\t\t\t<\/div>\n\t\t\t\t\t\t\t\t<\/div>\n\t\t\t\t<\/div>\n\t\t\t\t<\/div>\n\t\t<div data-dce-background-image-url=\"https:\/\/www.becktor.dk\/wp-content\/uploads\/2022\/05\/69A4518dkor1.jpg\" class=\"elementor-element elementor-element-82f4fa0 e-con-full e-flex e-con e-child\" data-id=\"82f4fa0\" data-element_type=\"container\" data-e-type=\"container\" data-settings=\"{&quot;background_background&quot;:&quot;classic&quot;,&quot;_ob_use_container_extras&quot;:&quot;no&quot;,&quot;_ob_column_hoveranimator&quot;:&quot;no&quot;,&quot;_ob_glider_is_slider&quot;:&quot;no&quot;,&quot;_ob_column_has_pseudo&quot;:&quot;no&quot;}\">\n\t\t\t\t<\/div>\n\t\t\t\t\t<\/div>\n\t\t\t\t<\/div>\n\t\t<div class=\"elementor-element elementor-element-89faf3e e-flex e-con-boxed e-con e-parent\" data-id=\"89faf3e\" data-element_type=\"container\" data-e-type=\"container\" data-settings=\"{&quot;_ob_use_container_extras&quot;:&quot;no&quot;,&quot;_ob_column_hoveranimator&quot;:&quot;no&quot;,&quot;_ob_glider_is_slider&quot;:&quot;no&quot;,&quot;_ob_column_has_pseudo&quot;:&quot;no&quot;}\">\n\t\t\t\t\t<div class=\"e-con-inner\">\n\t\t<div data-dce-background-image-url=\"https:\/\/www.becktor.dk\/wp-content\/uploads\/2022\/09\/Y4Q0727d2-scaled.jpg\" class=\"elementor-element elementor-element-09d1eaf e-con-full e-flex e-con e-child\" data-id=\"09d1eaf\" data-element_type=\"container\" data-e-type=\"container\" data-settings=\"{&quot;background_background&quot;:&quot;classic&quot;,&quot;_ob_use_container_extras&quot;:&quot;no&quot;,&quot;_ob_column_hoveranimator&quot;:&quot;no&quot;,&quot;_ob_glider_is_slider&quot;:&quot;no&quot;,&quot;_ob_column_has_pseudo&quot;:&quot;no&quot;}\">\n\t\t\t\t<\/div>\n\t\t<div class=\"elementor-element elementor-element-2f21315 e-con-full e-flex e-con e-child\" data-id=\"2f21315\" data-element_type=\"container\" data-e-type=\"container\" data-settings=\"{&quot;background_background&quot;:&quot;classic&quot;,&quot;_ob_use_container_extras&quot;:&quot;no&quot;,&quot;_ob_column_hoveranimator&quot;:&quot;no&quot;,&quot;_ob_glider_is_slider&quot;:&quot;no&quot;,&quot;_ob_column_has_pseudo&quot;:&quot;no&quot;}\">\n\t\t\t\t<div class=\"elementor-element elementor-element-b155572 ob-harakiri-inherit ob-has-background-overlay elementor-widget elementor-widget-heading\" data-id=\"b155572\" data-element_type=\"widget\" data-e-type=\"widget\" data-settings=\"{&quot;_ob_use_harakiri&quot;:&quot;yes&quot;,&quot;_ob_harakiri_writing_mode&quot;:&quot;inherit&quot;,&quot;_ob_harakiri_text_clip&quot;:&quot;none&quot;,&quot;_ob_widget_stalker_use&quot;:&quot;no&quot;,&quot;_ob_poopart_use&quot;:&quot;yes&quot;,&quot;_ob_shadough_use&quot;:&quot;no&quot;,&quot;_ob_allow_hoveranimator&quot;:&quot;no&quot;}\" data-widget_type=\"heading.default\">\n\t\t\t\t<div class=\"elementor-widget-container\">\n\t\t\t\t\t<h3 class=\"elementor-heading-title elementor-size-default\">We understand the importance of your smile<\/h3>\t\t\t\t<\/div>\n\t\t\t\t<\/div>\n\t\t\t\t<div class=\"elementor-element elementor-element-6f05ede ob-harakiri-inherit ob-has-background-overlay elementor-widget elementor-widget-heading\" data-id=\"6f05ede\" data-element_type=\"widget\" data-e-type=\"widget\" data-settings=\"{&quot;_ob_use_harakiri&quot;:&quot;yes&quot;,&quot;_ob_harakiri_writing_mode&quot;:&quot;inherit&quot;,&quot;_ob_harakiri_text_clip&quot;:&quot;none&quot;,&quot;_ob_widget_stalker_use&quot;:&quot;no&quot;,&quot;_ob_poopart_use&quot;:&quot;yes&quot;,&quot;_ob_shadough_use&quot;:&quot;no&quot;,&quot;_ob_allow_hoveranimator&quot;:&quot;no&quot;}\" data-widget_type=\"heading.default\">\n\t\t\t\t<div class=\"elementor-widget-container\">\n\t\t\t\t\t<h4 class=\"elementor-heading-title elementor-size-default\">Teeth alignment is the solution to a healthy and attrative smile<\/h4>\t\t\t\t<\/div>\n\t\t\t\t<\/div>\n\t\t\t\t<div class=\"elementor-element elementor-element-81ef8cb ob-harakiri-inherit ob-has-background-overlay elementor-widget elementor-widget-text-editor\" data-id=\"81ef8cb\" data-element_type=\"widget\" data-e-type=\"widget\" data-settings=\"{&quot;_ob_use_harakiri&quot;:&quot;yes&quot;,&quot;_ob_harakiri_writing_mode&quot;:&quot;inherit&quot;,&quot;_ob_postman_use&quot;:&quot;no&quot;,&quot;_ob_widget_stalker_use&quot;:&quot;no&quot;,&quot;_ob_poopart_use&quot;:&quot;yes&quot;,&quot;_ob_shadough_use&quot;:&quot;no&quot;,&quot;_ob_allow_hoveranimator&quot;:&quot;no&quot;}\" data-widget_type=\"text-editor.default\">\n\t\t\t\t<div class=\"elementor-widget-container\">\n\t\t\t\t\t\t\t\t\t<p>Both offices are organized in order to make our patients feel comfortable and welcomed. We have invested in modern technology, in order to carry out evey treatment with great precision under optimal and sterile conditions.<\/p><p>In addition the office in Hellerup has a Cone beam CT 3-D imaging system installed. The 3-D image generated provides precise information on the anatomical situation and enables both precise diagnosis and the development of an appropriate treatment plan.<\/p><p>The office in Hellerup has six clinics. Here we also have a highly functional technical room with machines which can print 3D-models we use to produce retainers.<\/p><p>Our branch office at \u00d8sterbro has two clinics.<\/p><p>Contact us on +45 3940 7161 or write to us at <a href=\"mailto:becktor@becktor.dk\">becktor@becktor.dk<\/a>. <br \/><br \/>We look forward to hearing from you.<\/p>\t\t\t\t\t\t\t\t<\/div>\n\t\t\t\t<\/div>\n\t\t\t\t<\/div>\n\t\t\t\t\t<\/div>\n\t\t\t\t<\/div>\n\t\t\t\t<\/div>\n\t\t","protected":false},"excerpt":{"rendered":"<p>Becktor Specialtandl\u00e6ger Hellerup and \u00d8sterbro Welcome to Becktor Specialtandl\u00e6ger! We offer orthodontic treatment for children, teens and adults For more than 20 years, we have created many beautiful smiles and healthy bites in our office in Hellerup and now also on \u00d8sterbro. In 2018 we got the possibility to expand and opened a second office [&hellip;]<\/p>\n","protected":false},"author":1,"featured_media":0,"parent":8001,"menu_order":0,"comment_status":"closed","ping_status":"closed","template":"","meta":{"_acf_changed":false,"footnotes":""},"class_list":["post-6947","page","type-page","status-publish","hentry"],"acf":[],"yoast_head":"<!-- This site is optimized with the Yoast SEO plugin v27.3 - https:\/\/yoast.com\/product\/yoast-seo-wordpress\/ -->\n<title>The Office - Becktor<\/title>\n<meta name=\"robots\" content=\"index, follow, max-snippet:-1, max-image-preview:large, max-video-preview:-1\" \/>\n<link rel=\"canonical\" href=\"https:\/\/www.becktor.dk\/om-os\/klinikken\/\" \/>\n<meta property=\"og:locale\" content=\"en_US\" \/>\n<meta property=\"og:type\" content=\"article\" \/>\n<meta property=\"og:title\" content=\"The Office - Becktor\" \/>\n<meta property=\"og:description\" content=\"Becktor Specialtandl\u00e6ger Hellerup and \u00d8sterbro Welcome to Becktor Specialtandl\u00e6ger! We offer orthodontic treatment for children, teens and adults For more than 20 years, we have created many beautiful smiles and healthy bites in our office in Hellerup and now also on \u00d8sterbro. In 2018 we got the possibility to expand and opened a second office [&hellip;]\" \/>\n<meta property=\"og:url\" content=\"https:\/\/www.becktor.dk\/om-os\/klinikken\/\" \/>\n<meta property=\"og:site_name\" content=\"Becktor\" \/>\n<meta property=\"article:modified_time\" content=\"2025-05-20T11:39:12+00:00\" \/>\n<meta name=\"twitter:card\" content=\"summary_large_image\" \/>\n<meta name=\"twitter:label1\" content=\"Est. reading time\" \/>\n\t<meta name=\"twitter:data1\" content=\"2 minutes\" \/>\n<script type=\"application\/ld+json\" class=\"yoast-schema-graph\">{\"@context\":\"https:\\\/\\\/schema.org\",\"@graph\":[{\"@type\":\"WebPage\",\"@id\":\"https:\\\/\\\/www.becktor.dk\\\/om-os\\\/klinikken\\\/\",\"url\":\"https:\\\/\\\/www.becktor.dk\\\/om-os\\\/klinikken\\\/\",\"name\":\"The Office - Becktor\",\"isPartOf\":{\"@id\":\"https:\\\/\\\/www.becktor.dk\\\/#website\"},\"datePublished\":\"2022-06-23T10:14:39+00:00\",\"dateModified\":\"2025-05-20T11:39:12+00:00\",\"breadcrumb\":{\"@id\":\"https:\\\/\\\/www.becktor.dk\\\/om-os\\\/klinikken\\\/#breadcrumb\"},\"inLanguage\":\"en-US\",\"potentialAction\":[{\"@type\":\"ReadAction\",\"target\":[\"https:\\\/\\\/www.becktor.dk\\\/om-os\\\/klinikken\\\/\"]}]},{\"@type\":\"BreadcrumbList\",\"@id\":\"https:\\\/\\\/www.becktor.dk\\\/om-os\\\/klinikken\\\/#breadcrumb\",\"itemListElement\":[{\"@type\":\"ListItem\",\"position\":1,\"name\":\"Home\",\"item\":\"https:\\\/\\\/www.becktor.dk\\\/en\\\/welcome\\\/\"},{\"@type\":\"ListItem\",\"position\":2,\"name\":\"About us\",\"item\":\"https:\\\/\\\/www.becktor.dk\\\/en\\\/about-us\\\/\"},{\"@type\":\"ListItem\",\"position\":3,\"name\":\"The Office\"}]},{\"@type\":\"WebSite\",\"@id\":\"https:\\\/\\\/www.becktor.dk\\\/#website\",\"url\":\"https:\\\/\\\/www.becktor.dk\\\/\",\"name\":\"Becktor\",\"description\":\"Specialtandl\u00e6ger\",\"publisher\":{\"@id\":\"https:\\\/\\\/www.becktor.dk\\\/#organization\"},\"potentialAction\":[{\"@type\":\"SearchAction\",\"target\":{\"@type\":\"EntryPoint\",\"urlTemplate\":\"https:\\\/\\\/www.becktor.dk\\\/?s={search_term_string}\"},\"query-input\":{\"@type\":\"PropertyValueSpecification\",\"valueRequired\":true,\"valueName\":\"search_term_string\"}}],\"inLanguage\":\"en-US\"},{\"@type\":\"Organization\",\"@id\":\"https:\\\/\\\/www.becktor.dk\\\/#organization\",\"name\":\"Becktor Specialtandl\u00e6ge\",\"url\":\"https:\\\/\\\/www.becktor.dk\\\/\",\"logo\":{\"@type\":\"ImageObject\",\"inLanguage\":\"en-US\",\"@id\":\"https:\\\/\\\/www.becktor.dk\\\/#\\\/schema\\\/logo\\\/image\\\/\",\"url\":\"https:\\\/\\\/www.becktor.dk\\\/wp-content\\\/uploads\\\/2021\\\/03\\\/logo_specialtandlaeger.svg\",\"contentUrl\":\"https:\\\/\\\/www.becktor.dk\\\/wp-content\\\/uploads\\\/2021\\\/03\\\/logo_specialtandlaeger.svg\",\"width\":135,\"height\":41,\"caption\":\"Becktor Specialtandl\u00e6ge\"},\"image\":{\"@id\":\"https:\\\/\\\/www.becktor.dk\\\/#\\\/schema\\\/logo\\\/image\\\/\"},\"sameAs\":[\"https:\\\/\\\/www.instagram.com\\\/smilebybecktor\\\/\"]}]}<\/script>\n<!-- \/ Yoast SEO plugin. -->","yoast_head_json":{"title":"The Office - Becktor","robots":{"index":"index","follow":"follow","max-snippet":"max-snippet:-1","max-image-preview":"max-image-preview:large","max-video-preview":"max-video-preview:-1"},"canonical":"https:\/\/www.becktor.dk\/om-os\/klinikken\/","og_locale":"en_US","og_type":"article","og_title":"The Office - Becktor","og_description":"Becktor Specialtandl\u00e6ger Hellerup and \u00d8sterbro Welcome to Becktor Specialtandl\u00e6ger! We offer orthodontic treatment for children, teens and adults For more than 20 years, we have created many beautiful smiles and healthy bites in our office in Hellerup and now also on \u00d8sterbro. In 2018 we got the possibility to expand and opened a second office [&hellip;]","og_url":"https:\/\/www.becktor.dk\/om-os\/klinikken\/","og_site_name":"Becktor","article_modified_time":"2025-05-20T11:39:12+00:00","twitter_card":"summary_large_image","twitter_misc":{"Est. reading time":"2 minutes"},"schema":{"@context":"https:\/\/schema.org","@graph":[{"@type":"WebPage","@id":"https:\/\/www.becktor.dk\/om-os\/klinikken\/","url":"https:\/\/www.becktor.dk\/om-os\/klinikken\/","name":"The Office - Becktor","isPartOf":{"@id":"https:\/\/www.becktor.dk\/#website"},"datePublished":"2022-06-23T10:14:39+00:00","dateModified":"2025-05-20T11:39:12+00:00","breadcrumb":{"@id":"https:\/\/www.becktor.dk\/om-os\/klinikken\/#breadcrumb"},"inLanguage":"en-US","potentialAction":[{"@type":"ReadAction","target":["https:\/\/www.becktor.dk\/om-os\/klinikken\/"]}]},{"@type":"BreadcrumbList","@id":"https:\/\/www.becktor.dk\/om-os\/klinikken\/#breadcrumb","itemListElement":[{"@type":"ListItem","position":1,"name":"Home","item":"https:\/\/www.becktor.dk\/en\/welcome\/"},{"@type":"ListItem","position":2,"name":"About us","item":"https:\/\/www.becktor.dk\/en\/about-us\/"},{"@type":"ListItem","position":3,"name":"The Office"}]},{"@type":"WebSite","@id":"https:\/\/www.becktor.dk\/#website","url":"https:\/\/www.becktor.dk\/","name":"Becktor","description":"Specialtandl\u00e6ger","publisher":{"@id":"https:\/\/www.becktor.dk\/#organization"},"potentialAction":[{"@type":"SearchAction","target":{"@type":"EntryPoint","urlTemplate":"https:\/\/www.becktor.dk\/?s={search_term_string}"},"query-input":{"@type":"PropertyValueSpecification","valueRequired":true,"valueName":"search_term_string"}}],"inLanguage":"en-US"},{"@type":"Organization","@id":"https:\/\/www.becktor.dk\/#organization","name":"Becktor Specialtandl\u00e6ge","url":"https:\/\/www.becktor.dk\/","logo":{"@type":"ImageObject","inLanguage":"en-US","@id":"https:\/\/www.becktor.dk\/#\/schema\/logo\/image\/","url":"https:\/\/www.becktor.dk\/wp-content\/uploads\/2021\/03\/logo_specialtandlaeger.svg","contentUrl":"https:\/\/www.becktor.dk\/wp-content\/uploads\/2021\/03\/logo_specialtandlaeger.svg","width":135,"height":41,"caption":"Becktor Specialtandl\u00e6ge"},"image":{"@id":"https:\/\/www.becktor.dk\/#\/schema\/logo\/image\/"},"sameAs":["https:\/\/www.instagram.com\/smilebybecktor\/"]}]}},"_links":{"self":[{"href":"https:\/\/www.becktor.dk\/en\/wp-json\/wp\/v2\/pages\/6947","targetHints":{"allow":["GET"]}}],"collection":[{"href":"https:\/\/www.becktor.dk\/en\/wp-json\/wp\/v2\/pages"}],"about":[{"href":"https:\/\/www.becktor.dk\/en\/wp-json\/wp\/v2\/types\/page"}],"author":[{"embeddable":true,"href":"https:\/\/www.becktor.dk\/en\/wp-json\/wp\/v2\/users\/1"}],"replies":[{"embeddable":true,"href":"https:\/\/www.becktor.dk\/en\/wp-json\/wp\/v2\/comments?post=6947"}],"version-history":[{"count":116,"href":"https:\/\/www.becktor.dk\/en\/wp-json\/wp\/v2\/pages\/6947\/revisions"}],"predecessor-version":[{"id":10467,"href":"https:\/\/www.becktor.dk\/en\/wp-json\/wp\/v2\/pages\/6947\/revisions\/10467"}],"up":[{"embeddable":true,"href":"https:\/\/www.becktor.dk\/en\/wp-json\/wp\/v2\/pages\/8001"}],"wp:attachment":[{"href":"https:\/\/www.becktor.dk\/en\/wp-json\/wp\/v2\/media?parent=6947"}],"curies":[{"name":"wp","href":"https:\/\/api.w.org\/{rel}","templated":true}]}}